{"id":53,"date":"2019-10-23T14:17:09","date_gmt":"2019-10-23T12:17:09","guid":{"rendered":"http:\/\/wp.rb-tools.de\/?page_id=53"},"modified":"2021-01-18T12:30:41","modified_gmt":"2021-01-18T11:30:41","slug":"specialtools","status":"publish","type":"page","link":"http:\/\/www.rb.tools\/en\/specialtools\/","title":{"rendered":"Special Tools"},"content":{"rendered":"<div data-elementor-type=\"wp-page\" data-elementor-id=\"53\" class=\"elementor elementor-53\" data-elementor-settings=\"{&quot;ha_cmc_init_switcher&quot;:&quot;no&quot;}\">\n\t\t\t\t\t\t<section class=\"elementor-section elementor-top-section elementor-element elementor-element-d3b50f6 elementor-section-stretched elementor-section-full_width elementor-section-height-default elementor-section-height-default\" data-id=\"d3b50f6\" data-element_type=\"section\" data-settings=\"{&quot;stretch_section&quot;:&quot;section-stretched&quot;,&quot;shape_divider_top&quot;:&quot;triangle-asymmetrical&quot;,&quot;_ha_eqh_enable&quot;:false}\">\n\t\t\t\t\t<div class=\"elementor-shape elementor-shape-top\" data-negative=\"false\">\n\t\t\t<svg xmlns=\"http:\/\/www.w3.org\/2000\/svg\" viewbox=\"0 0 1000 100\" preserveaspectratio=\"none\">\n\t<path class=\"elementor-shape-fill\" d=\"M738,99l262-93V0H0v5.6L738,99z\"\/>\n<\/svg>\t\t<\/div>\n\t\t\t\t\t<div class=\"elementor-container elementor-column-gap-no\">\n\t\t\t\t\t<div class=\"elementor-column elementor-col-100 elementor-top-column elementor-element elementor-element-3604439\" data-id=\"3604439\" data-element_type=\"column\">\n\t\t\t<div class=\"elementor-widget-wrap elementor-element-populated\">\n\t\t\t\t\t\t<div class=\"elementor-element elementor-element-f66333c elementor-widget elementor-widget-heading\" data-id=\"f66333c\" data-element_type=\"widget\" data-widget_type=\"heading.default\">\n\t\t\t\t<div class=\"elementor-widget-container\">\n\t\t\t\t\t<h2 class=\"elementor-heading-title elementor-size-default\">Special and progressive tools<\/h2>\t\t\t\t<\/div>\n\t\t\t\t<\/div>\n\t\t\t\t\t<\/div>\n\t\t<\/div>\n\t\t\t\t\t<\/div>\n\t\t<\/section>\n\t\t\t\t<section class=\"elementor-section elementor-top-section elementor-element elementor-element-ba595d8 elementor-section-stretched elementor-section-full_width elementor-section-height-default elementor-section-height-default\" data-id=\"ba595d8\" data-element_type=\"section\" data-settings=\"{&quot;stretch_section&quot;:&quot;section-stretched&quot;,&quot;_ha_eqh_enable&quot;:false}\">\n\t\t\t\t\t\t<div class=\"elementor-container elementor-column-gap-default\">\n\t\t\t\t\t<div class=\"elementor-column elementor-col-50 elementor-top-column elementor-element elementor-element-55f474d\" data-id=\"55f474d\" data-element_type=\"column\">\n\t\t\t<div class=\"elementor-widget-wrap elementor-element-populated\">\n\t\t\t\t\t\t<div class=\"elementor-element elementor-element-0f90dc5 elementor-invisible elementor-widget elementor-widget-text-editor\" data-id=\"0f90dc5\" data-element_type=\"widget\" data-settings=\"{&quot;_animation&quot;:&quot;slideInUp&quot;}\" data-widget_type=\"text-editor.default\">\n\t\t\t\t<div class=\"elementor-widget-container\">\n\t\t\t\t\t\t\t\t\t<p style=\"margin-bottom: 10px; caret-color: #868686; color: #868686; font-family: Roboto, Lato, 'Helvetica Neue', Helvetica, Arial, sans-serif; font-size: 18px;\">Another divison of rb-tools is the manufacturing of different special tools, mainly progressive tools for sheet metal processing.<\/p>\n<p style=\"margin-bottom: 10px; caret-color: #868686; color: #868686; font-family: Roboto, Lato, 'Helvetica Neue', Helvetica, Arial, sans-serif; font-size: 18px;\">Our team will gladly support you with the conception and tool design. Our expertise guarantees high tool durability and precision during production.<\/p>\n<p style=\"margin-bottom: 10px; caret-color: #868686; color: #868686; font-family: Roboto, Lato, 'Helvetica Neue', Helvetica, Arial, sans-serif; font-size: 18px;\">Due to our longstanding cooperation with major automobile and mechanical engineering companies we have experience in this field. Complex tool manufacturing are no problem for our team.<\/p>\n<p style=\"margin-bottom: 10px; caret-color: #868686; color: #868686; font-family: Roboto, Lato, 'Helvetica Neue', Helvetica, Arial, sans-serif; font-size: 18px;\">If you are in need of special or progressive tools, we would glady assist you to find a solution.<\/p>\t\t\t\t\t\t\t\t<\/div>\n\t\t\t\t<\/div>\n\t\t\t\t\t<\/div>\n\t\t<\/div>\n\t\t\t\t<div class=\"elementor-column elementor-col-50 elementor-top-column elementor-element elementor-element-4a31d6e\" data-id=\"4a31d6e\" data-element_type=\"column\">\n\t\t\t<div class=\"elementor-widget-wrap elementor-element-populated\">\n\t\t\t\t\t\t<div class=\"elementor-element elementor-element-ac06831 elementor-invisible elementor-widget elementor-widget-image\" data-id=\"ac06831\" data-element_type=\"widget\" data-settings=\"{&quot;_animation&quot;:&quot;slideInUp&quot;}\" data-widget_type=\"image.default\">\n\t\t\t\t<div class=\"elementor-widget-container\">\n\t\t\t\t\t\t\t\t\t\t\t\t\t\t\t<img fetchpriority=\"high\" decoding=\"async\" width=\"525\" height=\"394\" src=\"https:\/\/www.rb.tools\/wp-content\/uploads\/2019\/12\/rbjig-1024x768.jpg\" class=\"attachment-large size-large wp-image-618\" alt=\"\" srcset=\"https:\/\/www.rb.tools\/wp-content\/uploads\/2019\/12\/rbjig-1024x768.jpg 1024w, https:\/\/www.rb.tools\/wp-content\/uploads\/2019\/12\/rbjig-300x225.jpg 300w, https:\/\/www.rb.tools\/wp-content\/uploads\/2019\/12\/rbjig-768x576.jpg 768w, https:\/\/www.rb.tools\/wp-content\/uploads\/2019\/12\/rbjig-1536x1152.jpg 1536w, https:\/\/www.rb.tools\/wp-content\/uploads\/2019\/12\/rbjig-2048x1536.jpg 2048w\" sizes=\"100vw\" \/>\t\t\t\t\t\t\t\t\t\t\t\t\t\t\t<\/div>\n\t\t\t\t<\/div>\n\t\t\t\t<div class=\"elementor-element elementor-element-a005dee elementor-invisible elementor-widget elementor-widget-image\" data-id=\"a005dee\" data-element_type=\"widget\" data-settings=\"{&quot;_animation&quot;:&quot;slideInUp&quot;}\" data-widget_type=\"image.default\">\n\t\t\t\t<div class=\"elementor-widget-container\">\n\t\t\t\t\t\t\t\t\t\t\t\t\t\t\t<img decoding=\"async\" width=\"525\" height=\"295\" src=\"https:\/\/www.rb.tools\/wp-content\/uploads\/2019\/11\/rbspecialslider-1024x576.jpg\" class=\"attachment-large size-large wp-image-408\" alt=\"\" srcset=\"https:\/\/www.rb.tools\/wp-content\/uploads\/2019\/11\/rbspecialslider-1024x576.jpg 1024w, https:\/\/www.rb.tools\/wp-content\/uploads\/2019\/11\/rbspecialslider-300x169.jpg 300w, https:\/\/www.rb.tools\/wp-content\/uploads\/2019\/11\/rbspecialslider-768x432.jpg 768w, https:\/\/www.rb.tools\/wp-content\/uploads\/2019\/11\/rbspecialslider.jpg 1920w\" sizes=\"100vw\" \/>\t\t\t\t\t\t\t\t\t\t\t\t\t\t\t<\/div>\n\t\t\t\t<\/div>\n\t\t\t\t<div class=\"elementor-element elementor-element-905c865 elementor-invisible elementor-widget elementor-widget-image\" data-id=\"905c865\" data-element_type=\"widget\" data-settings=\"{&quot;_animation&quot;:&quot;slideInUp&quot;}\" data-widget_type=\"image.default\">\n\t\t\t\t<div class=\"elementor-widget-container\">\n\t\t\t\t\t\t\t\t\t\t\t\t\t\t\t<img decoding=\"async\" width=\"525\" height=\"298\" src=\"https:\/\/www.rb.tools\/wp-content\/uploads\/2021\/01\/tool02-1024x581.png\" class=\"attachment-large size-large wp-image-1064\" alt=\"\" srcset=\"https:\/\/www.rb.tools\/wp-content\/uploads\/2021\/01\/tool02-1024x581.png 1024w, https:\/\/www.rb.tools\/wp-content\/uploads\/2021\/01\/tool02-300x170.png 300w, https:\/\/www.rb.tools\/wp-content\/uploads\/2021\/01\/tool02-768x436.png 768w, https:\/\/www.rb.tools\/wp-content\/uploads\/2021\/01\/tool02-1536x871.png 1536w, https:\/\/www.rb.tools\/wp-content\/uploads\/2021\/01\/tool02-16x9.png 16w, https:\/\/www.rb.tools\/wp-content\/uploads\/2021\/01\/tool02-24x14.png 24w, https:\/\/www.rb.tools\/wp-content\/uploads\/2021\/01\/tool02-36x20.png 36w, https:\/\/www.rb.tools\/wp-content\/uploads\/2021\/01\/tool02-48x27.png 48w, https:\/\/www.rb.tools\/wp-content\/uploads\/2021\/01\/tool02.png 1597w\" sizes=\"100vw\" \/>\t\t\t\t\t\t\t\t\t\t\t\t\t\t\t<\/div>\n\t\t\t\t<\/div>\n\t\t\t\t<div class=\"elementor-element elementor-element-93643d3 elementor-invisible elementor-widget elementor-widget-image\" data-id=\"93643d3\" data-element_type=\"widget\" data-settings=\"{&quot;_animation&quot;:&quot;slideInUp&quot;}\" data-widget_type=\"image.default\">\n\t\t\t\t<div class=\"elementor-widget-container\">\n\t\t\t\t\t\t\t\t\t\t\t\t\t\t\t<img loading=\"lazy\" decoding=\"async\" width=\"525\" height=\"322\" src=\"https:\/\/www.rb.tools\/wp-content\/uploads\/2021\/01\/tool02-2-1024x628.png\" class=\"attachment-large size-large wp-image-1076\" alt=\"\" srcset=\"https:\/\/www.rb.tools\/wp-content\/uploads\/2021\/01\/tool02-2-1024x628.png 1024w, https:\/\/www.rb.tools\/wp-content\/uploads\/2021\/01\/tool02-2-300x184.png 300w, https:\/\/www.rb.tools\/wp-content\/uploads\/2021\/01\/tool02-2-768x471.png 768w, https:\/\/www.rb.tools\/wp-content\/uploads\/2021\/01\/tool02-2-1536x942.png 1536w, https:\/\/www.rb.tools\/wp-content\/uploads\/2021\/01\/tool02-2-16x10.png 16w, https:\/\/www.rb.tools\/wp-content\/uploads\/2021\/01\/tool02-2-24x15.png 24w, https:\/\/www.rb.tools\/wp-content\/uploads\/2021\/01\/tool02-2-36x22.png 36w, https:\/\/www.rb.tools\/wp-content\/uploads\/2021\/01\/tool02-2-48x29.png 48w, https:\/\/www.rb.tools\/wp-content\/uploads\/2021\/01\/tool02-2.png 1764w\" sizes=\"100vw\" \/>\t\t\t\t\t\t\t\t\t\t\t\t\t\t\t<\/div>\n\t\t\t\t<\/div>\n\t\t\t\t<div class=\"elementor-element elementor-element-d95c2b9 elementor-invisible elementor-widget elementor-widget-image\" data-id=\"d95c2b9\" data-element_type=\"widget\" data-settings=\"{&quot;_animation&quot;:&quot;slideInUp&quot;}\" data-widget_type=\"image.default\">\n\t\t\t\t<div class=\"elementor-widget-container\">\n\t\t\t\t\t\t\t\t\t\t\t\t\t\t\t<img loading=\"lazy\" decoding=\"async\" width=\"525\" height=\"375\" src=\"https:\/\/www.rb.tools\/wp-content\/uploads\/2019\/12\/rbjig2.png\" class=\"attachment-large size-large wp-image-619\" alt=\"\" srcset=\"https:\/\/www.rb.tools\/wp-content\/uploads\/2019\/12\/rbjig2.png 700w, https:\/\/www.rb.tools\/wp-content\/uploads\/2019\/12\/rbjig2-300x214.png 300w\" sizes=\"100vw\" \/>\t\t\t\t\t\t\t\t\t\t\t\t\t\t\t<\/div>\n\t\t\t\t<\/div>\n\t\t\t\t\t<\/div>\n\t\t<\/div>\n\t\t\t\t\t<\/div>\n\t\t<\/section>\n\t\t\t\t<\/div>","protected":false},"excerpt":{"rendered":"<p>Sonder- und Verbundwerkzeuge Eine weitere Angebotssparte der Firma rb sind Konstruktion von verschiedenen Sonderwerkzeugen, insbesondere Folgeverbundwerkzeuge zur Blechbearbeitung. Unser Fachpersonal unterst\u00fctzt Sie gerne bei der Planung und Konzeption\u00a0 Ihres Werkzeugs. Anschlie\u00dfend \u00fcbernehmen wir f\u00fcr sie die technische Umsetzung Ihrer Idee und fertigen das Werkzeug f\u00fcr Sie. Unsere hohen Produktionsstandards garantieren eine lange Werkzeuglebensdauer und\u00a0 eine &hellip; <\/p>\n<p class=\"link-more\"><a href=\"http:\/\/www.rb.tools\/en\/specialtools\/\" class=\"more-link\">Continue reading<span class=\"screen-reader-text\"> &#8222;Sonderwerkzeuge&#8220;<\/span><\/a><\/p>","protected":false},"author":1,"featured_media":0,"parent":0,"menu_order":0,"comment_status":"closed","ping_status":"closed","template":"elementor_header_footer","meta":{"footnotes":""},"class_list":["post-53","page","type-page","status-publish","hentry"],"yoast_head":"<!-- This site is optimized with the Yoast SEO plugin v24.6 - https:\/\/yoast.com\/wordpress\/plugins\/seo\/ -->\n<title>Sonderwerkzeuge - rb tools<\/title>\n<meta name=\"robots\" content=\"index, follow, max-snippet:-1, max-image-preview:large, max-video-preview:-1\" \/>\n<link rel=\"canonical\" href=\"https:\/\/www.rb.tools\/en\/specialtools\/\" \/>\n<meta property=\"og:locale\" content=\"en_GB\" \/>\n<meta property=\"og:type\" content=\"article\" \/>\n<meta property=\"og:title\" content=\"Sonderwerkzeuge - rb tools\" \/>\n<meta property=\"og:description\" content=\"Sonder- und Verbundwerkzeuge Eine weitere Angebotssparte der Firma rb sind Konstruktion von verschiedenen Sonderwerkzeugen, insbesondere Folgeverbundwerkzeuge zur Blechbearbeitung. Unser Fachpersonal unterst\u00fctzt Sie gerne bei der Planung und Konzeption\u00a0 Ihres Werkzeugs. Anschlie\u00dfend \u00fcbernehmen wir f\u00fcr sie die technische Umsetzung Ihrer Idee und fertigen das Werkzeug f\u00fcr Sie. Unsere hohen Produktionsstandards garantieren eine lange Werkzeuglebensdauer und\u00a0 eine &hellip; Continue reading &quot;Sonderwerkzeuge&quot;\" \/>\n<meta property=\"og:url\" content=\"https:\/\/www.rb.tools\/en\/specialtools\/\" \/>\n<meta property=\"og:site_name\" content=\"rb tools\" \/>\n<meta property=\"article:modified_time\" content=\"2021-01-18T11:30:41+00:00\" \/>\n<meta property=\"og:image\" content=\"https:\/\/www.rb.tools\/wp-content\/uploads\/2019\/12\/rbjig-1024x768.jpg\" \/>\n<meta name=\"twitter:card\" content=\"summary_large_image\" \/>\n<meta name=\"twitter:label1\" content=\"Estimated reading time\" \/>\n\t<meta name=\"twitter:data1\" content=\"1 minute\" \/>\n<script type=\"application\/ld+json\" class=\"yoast-schema-graph\">{\"@context\":\"https:\/\/schema.org\",\"@graph\":[{\"@type\":\"WebPage\",\"@id\":\"https:\/\/www.rb.tools\/specialtools\/\",\"url\":\"https:\/\/www.rb.tools\/specialtools\/\",\"name\":\"Sonderwerkzeuge - rb tools\",\"isPartOf\":{\"@id\":\"https:\/\/www.rb.tools\/#website\"},\"primaryImageOfPage\":{\"@id\":\"https:\/\/www.rb.tools\/specialtools\/#primaryimage\"},\"image\":{\"@id\":\"https:\/\/www.rb.tools\/specialtools\/#primaryimage\"},\"thumbnailUrl\":\"https:\/\/www.rb.tools\/wp-content\/uploads\/2019\/12\/rbjig-1024x768.jpg\",\"datePublished\":\"2019-10-23T12:17:09+00:00\",\"dateModified\":\"2021-01-18T11:30:41+00:00\",\"breadcrumb\":{\"@id\":\"https:\/\/www.rb.tools\/specialtools\/#breadcrumb\"},\"inLanguage\":\"en-GB\",\"potentialAction\":[{\"@type\":\"ReadAction\",\"target\":[\"https:\/\/www.rb.tools\/specialtools\/\"]}]},{\"@type\":\"ImageObject\",\"inLanguage\":\"en-GB\",\"@id\":\"https:\/\/www.rb.tools\/specialtools\/#primaryimage\",\"url\":\"https:\/\/www.rb.tools\/wp-content\/uploads\/2019\/12\/rbjig-1024x768.jpg\",\"contentUrl\":\"https:\/\/www.rb.tools\/wp-content\/uploads\/2019\/12\/rbjig-1024x768.jpg\"},{\"@type\":\"BreadcrumbList\",\"@id\":\"https:\/\/www.rb.tools\/specialtools\/#breadcrumb\",\"itemListElement\":[{\"@type\":\"ListItem\",\"position\":1,\"name\":\"Home\",\"item\":\"https:\/\/www.rb.tools\/\"},{\"@type\":\"ListItem\",\"position\":2,\"name\":\"Sonderwerkzeuge\"}]},{\"@type\":\"WebSite\",\"@id\":\"https:\/\/www.rb.tools\/#website\",\"url\":\"https:\/\/www.rb.tools\/\",\"name\":\"rb tools\",\"description\":\"rb Pr\u00e4zisionswerkzeugbau GmbH &amp; Co KG\",\"publisher\":{\"@id\":\"https:\/\/www.rb.tools\/#organization\"},\"potentialAction\":[{\"@type\":\"SearchAction\",\"target\":{\"@type\":\"EntryPoint\",\"urlTemplate\":\"https:\/\/www.rb.tools\/?s={search_term_string}\"},\"query-input\":{\"@type\":\"PropertyValueSpecification\",\"valueRequired\":true,\"valueName\":\"search_term_string\"}}],\"inLanguage\":\"en-GB\"},{\"@type\":\"Organization\",\"@id\":\"https:\/\/www.rb.tools\/#organization\",\"name\":\"rb tools\",\"url\":\"https:\/\/www.rb.tools\/\",\"logo\":{\"@type\":\"ImageObject\",\"inLanguage\":\"en-GB\",\"@id\":\"https:\/\/www.rb.tools\/#\/schema\/logo\/image\/\",\"url\":\"https:\/\/www.rb.tools\/wp-content\/uploads\/2020\/02\/cropped-rbweblogo.png\",\"contentUrl\":\"https:\/\/www.rb.tools\/wp-content\/uploads\/2020\/02\/cropped-rbweblogo.png\",\"width\":707,\"height\":250,\"caption\":\"rb tools\"},\"image\":{\"@id\":\"https:\/\/www.rb.tools\/#\/schema\/logo\/image\/\"}}]}<\/script>\n<!-- \/ Yoast SEO plugin. -->","yoast_head_json":{"title":"Sonderwerkzeuge - rb tools","robots":{"index":"index","follow":"follow","max-snippet":"max-snippet:-1","max-image-preview":"max-image-preview:large","max-video-preview":"max-video-preview:-1"},"canonical":"https:\/\/www.rb.tools\/en\/specialtools\/","og_locale":"en_GB","og_type":"article","og_title":"Sonderwerkzeuge - rb tools","og_description":"Sonder- und Verbundwerkzeuge Eine weitere Angebotssparte der Firma rb sind Konstruktion von verschiedenen Sonderwerkzeugen, insbesondere Folgeverbundwerkzeuge zur Blechbearbeitung. Unser Fachpersonal unterst\u00fctzt Sie gerne bei der Planung und Konzeption\u00a0 Ihres Werkzeugs. Anschlie\u00dfend \u00fcbernehmen wir f\u00fcr sie die technische Umsetzung Ihrer Idee und fertigen das Werkzeug f\u00fcr Sie. Unsere hohen Produktionsstandards garantieren eine lange Werkzeuglebensdauer und\u00a0 eine &hellip; Continue reading \"Sonderwerkzeuge\"","og_url":"https:\/\/www.rb.tools\/en\/specialtools\/","og_site_name":"rb tools","article_modified_time":"2021-01-18T11:30:41+00:00","og_image":[{"url":"https:\/\/www.rb.tools\/wp-content\/uploads\/2019\/12\/rbjig-1024x768.jpg","type":"","width":"","height":""}],"twitter_card":"summary_large_image","twitter_misc":{"Estimated reading time":"1 minute"},"schema":{"@context":"https:\/\/schema.org","@graph":[{"@type":"WebPage","@id":"https:\/\/www.rb.tools\/specialtools\/","url":"https:\/\/www.rb.tools\/specialtools\/","name":"Sonderwerkzeuge - rb tools","isPartOf":{"@id":"https:\/\/www.rb.tools\/#website"},"primaryImageOfPage":{"@id":"https:\/\/www.rb.tools\/specialtools\/#primaryimage"},"image":{"@id":"https:\/\/www.rb.tools\/specialtools\/#primaryimage"},"thumbnailUrl":"https:\/\/www.rb.tools\/wp-content\/uploads\/2019\/12\/rbjig-1024x768.jpg","datePublished":"2019-10-23T12:17:09+00:00","dateModified":"2021-01-18T11:30:41+00:00","breadcrumb":{"@id":"https:\/\/www.rb.tools\/specialtools\/#breadcrumb"},"inLanguage":"en-GB","potentialAction":[{"@type":"ReadAction","target":["https:\/\/www.rb.tools\/specialtools\/"]}]},{"@type":"ImageObject","inLanguage":"en-GB","@id":"https:\/\/www.rb.tools\/specialtools\/#primaryimage","url":"https:\/\/www.rb.tools\/wp-content\/uploads\/2019\/12\/rbjig-1024x768.jpg","contentUrl":"https:\/\/www.rb.tools\/wp-content\/uploads\/2019\/12\/rbjig-1024x768.jpg"},{"@type":"BreadcrumbList","@id":"https:\/\/www.rb.tools\/specialtools\/#breadcrumb","itemListElement":[{"@type":"ListItem","position":1,"name":"Home","item":"https:\/\/www.rb.tools\/"},{"@type":"ListItem","position":2,"name":"Sonderwerkzeuge"}]},{"@type":"WebSite","@id":"https:\/\/www.rb.tools\/#website","url":"https:\/\/www.rb.tools\/","name":"rb tools","description":"rb Pr\u00e4zisionswerkzeugbau GmbH &amp; Co KG","publisher":{"@id":"https:\/\/www.rb.tools\/#organization"},"potentialAction":[{"@type":"SearchAction","target":{"@type":"EntryPoint","urlTemplate":"https:\/\/www.rb.tools\/?s={search_term_string}"},"query-input":{"@type":"PropertyValueSpecification","valueRequired":true,"valueName":"search_term_string"}}],"inLanguage":"en-GB"},{"@type":"Organization","@id":"https:\/\/www.rb.tools\/#organization","name":"rb tools","url":"https:\/\/www.rb.tools\/","logo":{"@type":"ImageObject","inLanguage":"en-GB","@id":"https:\/\/www.rb.tools\/#\/schema\/logo\/image\/","url":"https:\/\/www.rb.tools\/wp-content\/uploads\/2020\/02\/cropped-rbweblogo.png","contentUrl":"https:\/\/www.rb.tools\/wp-content\/uploads\/2020\/02\/cropped-rbweblogo.png","width":707,"height":250,"caption":"rb tools"},"image":{"@id":"https:\/\/www.rb.tools\/#\/schema\/logo\/image\/"}}]}},"_links":{"self":[{"href":"http:\/\/www.rb.tools\/en\/wp-json\/wp\/v2\/pages\/53","targetHints":{"allow":["GET"]}}],"collection":[{"href":"http:\/\/www.rb.tools\/en\/wp-json\/wp\/v2\/pages"}],"about":[{"href":"http:\/\/www.rb.tools\/en\/wp-json\/wp\/v2\/types\/page"}],"author":[{"embeddable":true,"href":"http:\/\/www.rb.tools\/en\/wp-json\/wp\/v2\/users\/1"}],"replies":[{"embeddable":true,"href":"http:\/\/www.rb.tools\/en\/wp-json\/wp\/v2\/comments?post=53"}],"version-history":[{"count":34,"href":"http:\/\/www.rb.tools\/en\/wp-json\/wp\/v2\/pages\/53\/revisions"}],"predecessor-version":[{"id":1079,"href":"http:\/\/www.rb.tools\/en\/wp-json\/wp\/v2\/pages\/53\/revisions\/1079"}],"wp:attachment":[{"href":"http:\/\/www.rb.tools\/en\/wp-json\/wp\/v2\/media?parent=53"}],"curies":[{"name":"wp","href":"https:\/\/api.w.org\/{rel}","templated":true}]}}