{"id":34,"date":"2019-10-23T14:04:33","date_gmt":"2019-10-23T12:04:33","guid":{"rendered":"http:\/\/wp.rb-tools.de\/?page_id=34"},"modified":"2022-04-01T13:44:13","modified_gmt":"2022-04-01T11:44:13","slug":"jigs","status":"publish","type":"page","link":"http:\/\/www.rb.tools\/en\/jigs\/","title":{"rendered":"Jigs"},"content":{"rendered":"<div data-elementor-type=\"wp-page\" data-elementor-id=\"34\" class=\"elementor elementor-34\" data-elementor-settings=\"{&quot;ha_cmc_init_switcher&quot;:&quot;no&quot;}\">\n\t\t\t\t\t\t<section class=\"elementor-section elementor-top-section elementor-element elementor-element-4ddca90 elementor-section-stretched elementor-section-full_width elementor-section-height-default elementor-section-height-default\" data-id=\"4ddca90\" data-element_type=\"section\" data-settings=\"{&quot;stretch_section&quot;:&quot;section-stretched&quot;,&quot;shape_divider_top&quot;:&quot;triangle-asymmetrical&quot;,&quot;_ha_eqh_enable&quot;:false}\">\n\t\t\t\t\t<div class=\"elementor-shape elementor-shape-top\" data-negative=\"false\">\n\t\t\t<svg xmlns=\"http:\/\/www.w3.org\/2000\/svg\" viewbox=\"0 0 1000 100\" preserveaspectratio=\"none\">\n\t<path class=\"elementor-shape-fill\" d=\"M738,99l262-93V0H0v5.6L738,99z\"\/>\n<\/svg>\t\t<\/div>\n\t\t\t\t\t<div class=\"elementor-container elementor-column-gap-default\">\n\t\t\t\t\t<div class=\"elementor-column elementor-col-100 elementor-top-column elementor-element elementor-element-0ee04dd\" data-id=\"0ee04dd\" data-element_type=\"column\">\n\t\t\t<div class=\"elementor-widget-wrap elementor-element-populated\">\n\t\t\t\t\t\t<div class=\"elementor-element elementor-element-45919d0 elementor-widget elementor-widget-ha-gradient-heading happy-addon ha-gradient-heading\" data-id=\"45919d0\" data-element_type=\"widget\" data-widget_type=\"ha-gradient-heading.default\">\n\t\t\t\t<div class=\"elementor-widget-container\">\n\t\t\t\t\t<h2 class=\"ha-gradient-heading\">Jigs<\/h2>\t\t\t\t<\/div>\n\t\t\t\t<\/div>\n\t\t\t\t\t<\/div>\n\t\t<\/div>\n\t\t\t\t\t<\/div>\n\t\t<\/section>\n\t\t\t\t<section class=\"elementor-section elementor-top-section elementor-element elementor-element-2a24352 elementor-section-stretched elementor-section-boxed elementor-section-height-default elementor-section-height-default\" data-id=\"2a24352\" data-element_type=\"section\" data-settings=\"{&quot;stretch_section&quot;:&quot;section-stretched&quot;,&quot;animation&quot;:&quot;none&quot;,&quot;_ha_eqh_enable&quot;:false}\">\n\t\t\t\t\t\t<div class=\"elementor-container elementor-column-gap-default\">\n\t\t\t\t\t<div class=\"elementor-column elementor-col-50 elementor-top-column elementor-element elementor-element-4b514f5 elementor-invisible\" data-id=\"4b514f5\" data-element_type=\"column\" data-settings=\"{&quot;animation&quot;:&quot;slideInUp&quot;}\">\n\t\t\t<div class=\"elementor-widget-wrap elementor-element-populated\">\n\t\t\t\t\t\t<div class=\"elementor-element elementor-element-9bc38a8 elementor-widget elementor-widget-text-editor\" data-id=\"9bc38a8\" data-element_type=\"widget\" data-widget_type=\"text-editor.default\">\n\t\t\t\t<div class=\"elementor-widget-container\">\n\t\t\t\t\t\t\t\t\t<span style=\"font-size: 18px;\">Do you have a design or need a special machine or special parts but you lack the tools, capacity or know-how?\u00a0<br><br>We at rb-tools have many years of experience in the construction of all kinds of devices and are happy to support you manufacture, assemble and final acceptance of your product. <\/span>\n<br><br>\n<span style=\"font-size: 18px;\">Our high-precision machines and experienced specialists are at your disposal.<\/span><span style=\"font-size: 18px;\">Our jig department customer base includes, among others, companies from the mechanical engineering, chemical and automotive industries as well as medical and electrical engineering.\u00a0<\/span>\n<br><br>\n\n<span style=\"font-size: 18px;\">In our workshops we are able to produce single pieces as well as small batch series on a state of the art level. We also do a thorough in house quality control lab to guarantee that our products are up to requirements of our customers and that you and your clients are satisfied<br><br>\u00a0<\/span>\n\n<span style=\"font-size: 18px;\">So, if you need help in terms of jig and tool construction, contact us as your reliable partner.<\/span>\t\t\t\t\t\t\t\t<\/div>\n\t\t\t\t<\/div>\n\t\t\t\t\t<\/div>\n\t\t<\/div>\n\t\t\t\t<div class=\"elementor-column elementor-col-50 elementor-top-column elementor-element elementor-element-c64b35d\" data-id=\"c64b35d\" data-element_type=\"column\">\n\t\t\t<div class=\"elementor-widget-wrap elementor-element-populated\">\n\t\t\t\t\t\t<div class=\"elementor-element elementor-element-1ccdf18 elementor-invisible elementor-widget elementor-widget-image\" data-id=\"1ccdf18\" data-element_type=\"widget\" data-settings=\"{&quot;_animation&quot;:&quot;slideInUp&quot;}\" data-widget_type=\"image.default\">\n\t\t\t\t<div class=\"elementor-widget-container\">\n\t\t\t\t\t\t\t\t\t\t\t\t\t\t\t<img fetchpriority=\"high\" decoding=\"async\" width=\"525\" height=\"394\" src=\"https:\/\/www.rb.tools\/wp-content\/uploads\/2019\/12\/rbjig3-1024x768.jpg\" class=\"attachment-large size-large wp-image-623\" alt=\"\" srcset=\"https:\/\/www.rb.tools\/wp-content\/uploads\/2019\/12\/rbjig3-1024x768.jpg 1024w, https:\/\/www.rb.tools\/wp-content\/uploads\/2019\/12\/rbjig3-300x225.jpg 300w, https:\/\/www.rb.tools\/wp-content\/uploads\/2019\/12\/rbjig3-768x576.jpg 768w, https:\/\/www.rb.tools\/wp-content\/uploads\/2019\/12\/rbjig3-1536x1152.jpg 1536w, https:\/\/www.rb.tools\/wp-content\/uploads\/2019\/12\/rbjig3-2048x1536.jpg 2048w\" sizes=\"100vw\" \/>\t\t\t\t\t\t\t\t\t\t\t\t\t\t\t<\/div>\n\t\t\t\t<\/div>\n\t\t\t\t<div class=\"elementor-element elementor-element-9f927a9 elementor-widget elementor-widget-image\" data-id=\"9f927a9\" data-element_type=\"widget\" data-widget_type=\"image.default\">\n\t\t\t\t<div class=\"elementor-widget-container\">\n\t\t\t\t\t\t\t\t\t\t\t\t\t\t\t<img decoding=\"async\" width=\"490\" height=\"653\" src=\"https:\/\/www.rb.tools\/wp-content\/uploads\/2019\/12\/rbjig4.png\" class=\"attachment-large size-large wp-image-624\" alt=\"\" srcset=\"https:\/\/www.rb.tools\/wp-content\/uploads\/2019\/12\/rbjig4.png 490w, https:\/\/www.rb.tools\/wp-content\/uploads\/2019\/12\/rbjig4-225x300.png 225w\" sizes=\"100vw\" \/>\t\t\t\t\t\t\t\t\t\t\t\t\t\t\t<\/div>\n\t\t\t\t<\/div>\n\t\t\t\t<div class=\"elementor-element elementor-element-1b6a0e0 elementor-invisible elementor-widget elementor-widget-image\" data-id=\"1b6a0e0\" data-element_type=\"widget\" data-settings=\"{&quot;_animation&quot;:&quot;slideInUp&quot;}\" data-widget_type=\"image.default\">\n\t\t\t\t<div class=\"elementor-widget-container\">\n\t\t\t\t\t\t\t\t\t\t\t\t\t\t\t<img decoding=\"async\" width=\"525\" height=\"394\" src=\"https:\/\/www.rb.tools\/wp-content\/uploads\/2022\/04\/Vorrichtung-2022-1024x768.jpg\" class=\"attachment-large size-large wp-image-1110\" alt=\"\" srcset=\"https:\/\/www.rb.tools\/wp-content\/uploads\/2022\/04\/Vorrichtung-2022-1024x768.jpg 1024w, https:\/\/www.rb.tools\/wp-content\/uploads\/2022\/04\/Vorrichtung-2022-300x225.jpg 300w, https:\/\/www.rb.tools\/wp-content\/uploads\/2022\/04\/Vorrichtung-2022-768x576.jpg 768w, https:\/\/www.rb.tools\/wp-content\/uploads\/2022\/04\/Vorrichtung-2022-16x12.jpg 16w, https:\/\/www.rb.tools\/wp-content\/uploads\/2022\/04\/Vorrichtung-2022-24x18.jpg 24w, https:\/\/www.rb.tools\/wp-content\/uploads\/2022\/04\/Vorrichtung-2022-36x27.jpg 36w, https:\/\/www.rb.tools\/wp-content\/uploads\/2022\/04\/Vorrichtung-2022-48x36.jpg 48w, https:\/\/www.rb.tools\/wp-content\/uploads\/2022\/04\/Vorrichtung-2022.jpg 1210w\" sizes=\"100vw\" \/>\t\t\t\t\t\t\t\t\t\t\t\t\t\t\t<\/div>\n\t\t\t\t<\/div>\n\t\t\t\t\t<\/div>\n\t\t<\/div>\n\t\t\t\t\t<\/div>\n\t\t<\/section>\n\t\t\t\t<\/div>","protected":false},"excerpt":{"rendered":"<p>Vorrichtungen Sie haben einen Entwurf oder ben\u00f6tigen eine Spezialmaschine oder Sonderteile aber es fehlen ihnen dazu Werkzeuge, Kapazit\u00e4t oder Know-how?\u00a0 Wir bei rb-Pr\u00e4zisionswerkzeugbau haben langj\u00e4hrige Erfahrung mit dem Bau von Vorrichtungen aller Art und unterst\u00fctzen sie gerne bei der Fertigung, Montage und Endabnahme ihres Produkts. Unsere hochpr\u00e4zisen Werkzeugmaschinen und erfahrenen Fachkr\u00e4fte stehen ihnen dabei zur &hellip; <\/p>\n<p class=\"link-more\"><a href=\"http:\/\/www.rb.tools\/en\/jigs\/\" class=\"more-link\">Continue reading<span class=\"screen-reader-text\"> &#8222;VORRICHTUNGEN&#8220;<\/span><\/a><\/p>","protected":false},"author":1,"featured_media":0,"parent":0,"menu_order":0,"comment_status":"closed","ping_status":"closed","template":"elementor_header_footer","meta":{"footnotes":""},"class_list":["post-34","page","type-page","status-publish","hentry"],"yoast_head":"<!-- This site is optimized with the Yoast SEO plugin v24.6 - https:\/\/yoast.com\/wordpress\/plugins\/seo\/ -->\n<title>VORRICHTUNGEN - rb tools<\/title>\n<meta name=\"robots\" content=\"index, follow, max-snippet:-1, max-image-preview:large, max-video-preview:-1\" \/>\n<link rel=\"canonical\" href=\"https:\/\/www.rb.tools\/en\/jigs\/\" \/>\n<meta property=\"og:locale\" content=\"en_GB\" \/>\n<meta property=\"og:type\" content=\"article\" \/>\n<meta property=\"og:title\" content=\"VORRICHTUNGEN - rb tools\" \/>\n<meta property=\"og:description\" content=\"Vorrichtungen Sie haben einen Entwurf oder ben\u00f6tigen eine Spezialmaschine oder Sonderteile aber es fehlen ihnen dazu Werkzeuge, Kapazit\u00e4t oder Know-how?\u00a0 Wir bei rb-Pr\u00e4zisionswerkzeugbau haben langj\u00e4hrige Erfahrung mit dem Bau von Vorrichtungen aller Art und unterst\u00fctzen sie gerne bei der Fertigung, Montage und Endabnahme ihres Produkts. Unsere hochpr\u00e4zisen Werkzeugmaschinen und erfahrenen Fachkr\u00e4fte stehen ihnen dabei zur &hellip; Continue reading &quot;VORRICHTUNGEN&quot;\" \/>\n<meta property=\"og:url\" content=\"https:\/\/www.rb.tools\/en\/jigs\/\" \/>\n<meta property=\"og:site_name\" content=\"rb tools\" \/>\n<meta property=\"article:modified_time\" content=\"2022-04-01T11:44:13+00:00\" \/>\n<meta property=\"og:image\" content=\"https:\/\/www.rb.tools\/wp-content\/uploads\/2019\/12\/rbjig3-1024x768.jpg\" \/>\n<meta name=\"twitter:card\" content=\"summary_large_image\" \/>\n<meta name=\"twitter:label1\" content=\"Estimated reading time\" \/>\n\t<meta name=\"twitter:data1\" content=\"2 minutes\" \/>\n<script type=\"application\/ld+json\" class=\"yoast-schema-graph\">{\"@context\":\"https:\/\/schema.org\",\"@graph\":[{\"@type\":\"WebPage\",\"@id\":\"https:\/\/www.rb.tools\/jigs\/\",\"url\":\"https:\/\/www.rb.tools\/jigs\/\",\"name\":\"VORRICHTUNGEN - rb tools\",\"isPartOf\":{\"@id\":\"https:\/\/www.rb.tools\/#website\"},\"primaryImageOfPage\":{\"@id\":\"https:\/\/www.rb.tools\/jigs\/#primaryimage\"},\"image\":{\"@id\":\"https:\/\/www.rb.tools\/jigs\/#primaryimage\"},\"thumbnailUrl\":\"https:\/\/www.rb.tools\/wp-content\/uploads\/2019\/12\/rbjig3-1024x768.jpg\",\"datePublished\":\"2019-10-23T12:04:33+00:00\",\"dateModified\":\"2022-04-01T11:44:13+00:00\",\"breadcrumb\":{\"@id\":\"https:\/\/www.rb.tools\/jigs\/#breadcrumb\"},\"inLanguage\":\"en-GB\",\"potentialAction\":[{\"@type\":\"ReadAction\",\"target\":[\"https:\/\/www.rb.tools\/jigs\/\"]}]},{\"@type\":\"ImageObject\",\"inLanguage\":\"en-GB\",\"@id\":\"https:\/\/www.rb.tools\/jigs\/#primaryimage\",\"url\":\"https:\/\/www.rb.tools\/wp-content\/uploads\/2019\/12\/rbjig3-1024x768.jpg\",\"contentUrl\":\"https:\/\/www.rb.tools\/wp-content\/uploads\/2019\/12\/rbjig3-1024x768.jpg\"},{\"@type\":\"BreadcrumbList\",\"@id\":\"https:\/\/www.rb.tools\/jigs\/#breadcrumb\",\"itemListElement\":[{\"@type\":\"ListItem\",\"position\":1,\"name\":\"Home\",\"item\":\"https:\/\/www.rb.tools\/\"},{\"@type\":\"ListItem\",\"position\":2,\"name\":\"VORRICHTUNGEN\"}]},{\"@type\":\"WebSite\",\"@id\":\"https:\/\/www.rb.tools\/#website\",\"url\":\"https:\/\/www.rb.tools\/\",\"name\":\"rb tools\",\"description\":\"rb Pr\u00e4zisionswerkzeugbau GmbH &amp; Co KG\",\"publisher\":{\"@id\":\"https:\/\/www.rb.tools\/#organization\"},\"potentialAction\":[{\"@type\":\"SearchAction\",\"target\":{\"@type\":\"EntryPoint\",\"urlTemplate\":\"https:\/\/www.rb.tools\/?s={search_term_string}\"},\"query-input\":{\"@type\":\"PropertyValueSpecification\",\"valueRequired\":true,\"valueName\":\"search_term_string\"}}],\"inLanguage\":\"en-GB\"},{\"@type\":\"Organization\",\"@id\":\"https:\/\/www.rb.tools\/#organization\",\"name\":\"rb tools\",\"url\":\"https:\/\/www.rb.tools\/\",\"logo\":{\"@type\":\"ImageObject\",\"inLanguage\":\"en-GB\",\"@id\":\"https:\/\/www.rb.tools\/#\/schema\/logo\/image\/\",\"url\":\"https:\/\/www.rb.tools\/wp-content\/uploads\/2020\/02\/cropped-rbweblogo.png\",\"contentUrl\":\"https:\/\/www.rb.tools\/wp-content\/uploads\/2020\/02\/cropped-rbweblogo.png\",\"width\":707,\"height\":250,\"caption\":\"rb tools\"},\"image\":{\"@id\":\"https:\/\/www.rb.tools\/#\/schema\/logo\/image\/\"}}]}<\/script>\n<!-- \/ Yoast SEO plugin. -->","yoast_head_json":{"title":"VORRICHTUNGEN - rb tools","robots":{"index":"index","follow":"follow","max-snippet":"max-snippet:-1","max-image-preview":"max-image-preview:large","max-video-preview":"max-video-preview:-1"},"canonical":"https:\/\/www.rb.tools\/en\/jigs\/","og_locale":"en_GB","og_type":"article","og_title":"VORRICHTUNGEN - rb tools","og_description":"Vorrichtungen Sie haben einen Entwurf oder ben\u00f6tigen eine Spezialmaschine oder Sonderteile aber es fehlen ihnen dazu Werkzeuge, Kapazit\u00e4t oder Know-how?\u00a0 Wir bei rb-Pr\u00e4zisionswerkzeugbau haben langj\u00e4hrige Erfahrung mit dem Bau von Vorrichtungen aller Art und unterst\u00fctzen sie gerne bei der Fertigung, Montage und Endabnahme ihres Produkts. Unsere hochpr\u00e4zisen Werkzeugmaschinen und erfahrenen Fachkr\u00e4fte stehen ihnen dabei zur &hellip; Continue reading \"VORRICHTUNGEN\"","og_url":"https:\/\/www.rb.tools\/en\/jigs\/","og_site_name":"rb tools","article_modified_time":"2022-04-01T11:44:13+00:00","og_image":[{"url":"https:\/\/www.rb.tools\/wp-content\/uploads\/2019\/12\/rbjig3-1024x768.jpg","type":"","width":"","height":""}],"twitter_card":"summary_large_image","twitter_misc":{"Estimated reading time":"2 minutes"},"schema":{"@context":"https:\/\/schema.org","@graph":[{"@type":"WebPage","@id":"https:\/\/www.rb.tools\/jigs\/","url":"https:\/\/www.rb.tools\/jigs\/","name":"VORRICHTUNGEN - rb tools","isPartOf":{"@id":"https:\/\/www.rb.tools\/#website"},"primaryImageOfPage":{"@id":"https:\/\/www.rb.tools\/jigs\/#primaryimage"},"image":{"@id":"https:\/\/www.rb.tools\/jigs\/#primaryimage"},"thumbnailUrl":"https:\/\/www.rb.tools\/wp-content\/uploads\/2019\/12\/rbjig3-1024x768.jpg","datePublished":"2019-10-23T12:04:33+00:00","dateModified":"2022-04-01T11:44:13+00:00","breadcrumb":{"@id":"https:\/\/www.rb.tools\/jigs\/#breadcrumb"},"inLanguage":"en-GB","potentialAction":[{"@type":"ReadAction","target":["https:\/\/www.rb.tools\/jigs\/"]}]},{"@type":"ImageObject","inLanguage":"en-GB","@id":"https:\/\/www.rb.tools\/jigs\/#primaryimage","url":"https:\/\/www.rb.tools\/wp-content\/uploads\/2019\/12\/rbjig3-1024x768.jpg","contentUrl":"https:\/\/www.rb.tools\/wp-content\/uploads\/2019\/12\/rbjig3-1024x768.jpg"},{"@type":"BreadcrumbList","@id":"https:\/\/www.rb.tools\/jigs\/#breadcrumb","itemListElement":[{"@type":"ListItem","position":1,"name":"Home","item":"https:\/\/www.rb.tools\/"},{"@type":"ListItem","position":2,"name":"VORRICHTUNGEN"}]},{"@type":"WebSite","@id":"https:\/\/www.rb.tools\/#website","url":"https:\/\/www.rb.tools\/","name":"rb tools","description":"rb Pr\u00e4zisionswerkzeugbau GmbH &amp; Co KG","publisher":{"@id":"https:\/\/www.rb.tools\/#organization"},"potentialAction":[{"@type":"SearchAction","target":{"@type":"EntryPoint","urlTemplate":"https:\/\/www.rb.tools\/?s={search_term_string}"},"query-input":{"@type":"PropertyValueSpecification","valueRequired":true,"valueName":"search_term_string"}}],"inLanguage":"en-GB"},{"@type":"Organization","@id":"https:\/\/www.rb.tools\/#organization","name":"rb tools","url":"https:\/\/www.rb.tools\/","logo":{"@type":"ImageObject","inLanguage":"en-GB","@id":"https:\/\/www.rb.tools\/#\/schema\/logo\/image\/","url":"https:\/\/www.rb.tools\/wp-content\/uploads\/2020\/02\/cropped-rbweblogo.png","contentUrl":"https:\/\/www.rb.tools\/wp-content\/uploads\/2020\/02\/cropped-rbweblogo.png","width":707,"height":250,"caption":"rb tools"},"image":{"@id":"https:\/\/www.rb.tools\/#\/schema\/logo\/image\/"}}]}},"_links":{"self":[{"href":"http:\/\/www.rb.tools\/en\/wp-json\/wp\/v2\/pages\/34","targetHints":{"allow":["GET"]}}],"collection":[{"href":"http:\/\/www.rb.tools\/en\/wp-json\/wp\/v2\/pages"}],"about":[{"href":"http:\/\/www.rb.tools\/en\/wp-json\/wp\/v2\/types\/page"}],"author":[{"embeddable":true,"href":"http:\/\/www.rb.tools\/en\/wp-json\/wp\/v2\/users\/1"}],"replies":[{"embeddable":true,"href":"http:\/\/www.rb.tools\/en\/wp-json\/wp\/v2\/comments?post=34"}],"version-history":[{"count":26,"href":"http:\/\/www.rb.tools\/en\/wp-json\/wp\/v2\/pages\/34\/revisions"}],"predecessor-version":[{"id":1116,"href":"http:\/\/www.rb.tools\/en\/wp-json\/wp\/v2\/pages\/34\/revisions\/1116"}],"wp:attachment":[{"href":"http:\/\/www.rb.tools\/en\/wp-json\/wp\/v2\/media?parent=34"}],"curies":[{"name":"wp","href":"https:\/\/api.w.org\/{rel}","templated":true}]}}